{"id":326,"date":"2026-05-10T18:58:39","date_gmt":"2026-05-10T16:58:39","guid":{"rendered":"https:\/\/metxact.com\/home\/?page_id=326"},"modified":"2026-05-11T13:06:07","modified_gmt":"2026-05-11T11:06:07","slug":"datenschutz","status":"publish","type":"page","link":"https:\/\/metxact.com\/home\/datenschutz\/","title":{"rendered":"Datenschutz"},"content":{"rendered":"\t\t<div data-elementor-type=\"wp-page\" data-elementor-id=\"326\" class=\"elementor elementor-326\" data-elementor-post-type=\"page\">\n\t\t\t\t<div class=\"elementor-element elementor-element-0326392 e-flex e-con-boxed e-con e-parent\" data-id=\"0326392\" data-element_type=\"container\" data-e-type=\"container\">\n\t\t\t\t\t<div class=\"e-con-inner\">\n\t\t\t\t<div class=\"elementor-element elementor-element-90ab77b elementor-widget elementor-widget-html\" data-id=\"90ab77b\" data-element_type=\"widget\" data-e-type=\"widget\" data-widget_type=\"html.default\">\n\t\t\t\t\t<div style=\"color:#1a1a1a;\">\n<h1 style=\"color:#1a1a1a;\">Datenschutzerkl\u00e4rung<\/h1>\n<h2 id=\"m716\" style=\"color:#1a1a1a;\">Pr\u00e4ambel<\/h2>\n<p>Mit der folgenden Datenschutzerkl\u00e4rung m\u00f6chten wir Sie dar\u00fcber aufkl\u00e4ren, welche Arten Ihrer personenbezogenen Daten (nachfolgend auch kurz als \"Daten\" bezeichnet) wir zu welchen Zwecken und in welchem Umfang verarbeiten. Die Datenschutzerkl\u00e4rung gilt f\u00fcr alle von uns durchgef\u00fchrten Verarbeitungen personenbezogener Daten, sowohl im Rahmen der Erbringung unserer Leistungen als auch insbesondere auf unseren Webseiten, in mobilen Applikationen sowie innerhalb externer Onlinepr\u00e4senzen, wie z.\u00a0B. unserer Social-Media-Profile (nachfolgend zusammenfassend bezeichnet als \"Onlineangebot\").<\/p>\n<p>Die verwendeten Begriffe sind nicht geschlechtsspezifisch.<\/p>\n\n<p>Stand: 10. Mai 2026<\/p><h2 style=\"color:#1a1a1a;\">Inhalts\u00fcbersicht<\/h2> <ul class=\"index\"><li><a class=\"index-link\" href=\"#m716\">Pr\u00e4ambel<\/a><\/li><li><a class=\"index-link\" href=\"#m3\">Verantwortlicher<\/a><\/li><li><a class=\"index-link\" href=\"#mOverview\">\u00dcbersicht der Verarbeitungen<\/a><\/li><li><a class=\"index-link\" href=\"#m2427\">Ma\u00dfgebliche Rechtsgrundlagen<\/a><\/li><li><a class=\"index-link\" href=\"#m27\">Sicherheitsma\u00dfnahmen<\/a><\/li><li><a class=\"index-link\" href=\"#m12\">Allgemeine Informationen zur Datenspeicherung und L\u00f6schung<\/a><\/li><li><a class=\"index-link\" href=\"#m225\">Bereitstellung des Onlineangebots und Webhosting<\/a><\/li><li><a class=\"index-link\" href=\"#mReach\">Cookiefreie Reichweitenmessung<\/a><\/li><\/ul>\n\n<h2 style=\"color:#1a1a1a;\"><span id=\"m3\">Verantwortlicher<\/span><\/h2><p>R\u00fcdiger Forster<br>Haus-Gahlen-Str. 4<br>46514 Schermbeck<\/p>\n<p>E-Mail-Adresse: <a href=\"mailto:meticulous.measurements@gmail.com\">meticulous.measurements@gmail.com<\/a><\/p>\n<p>Impressum: <a href=\"https:\/\/metxact.com\/impressum\" target=\"_blank\">https:\/\/metxact.com\/impressum<\/a><\/p>\n\n<h2 id=\"mOverview\" style=\"color:#1a1a1a;\">\u00dcbersicht der Verarbeitungen<\/h2><p>Die nachfolgende \u00dcbersicht fasst die Arten der verarbeiteten Daten und die Zwecke ihrer Verarbeitung zusammen und verweist auf die betroffenen Personen.<\/p><h3 style=\"color:#1a1a1a;\">Arten der verarbeiteten Daten<\/h3>\n<ul><li>Bestandsdaten.<\/li><li>Besch\u00e4ftigtendaten.<\/li><li>Kontaktdaten.<\/li><li>Inhaltsdaten.<\/li><li>Nutzungsdaten.<\/li><li>Meta-, Kommunikations- und Verfahrensdaten.<\/li><li>Protokolldaten.<\/li><\/ul><h3 style=\"color:#1a1a1a;\">Kategorien betroffener Personen<\/h3><ul><li>Besch\u00e4ftigte.<\/li><li>Nutzer.<\/li><li>Dritte Personen.<\/li><\/ul>\n\n<h2 id=\"m2427\" style=\"color:#1a1a1a;\">Ma\u00dfgebliche Rechtsgrundlagen<\/h2><p><strong>Ma\u00dfgebliche Rechtsgrundlagen nach der DSGVO: <\/strong>Im Folgenden erhalten Sie eine \u00dcbersicht der Rechtsgrundlagen der DSGVO, auf deren Basis wir personenbezogene Daten verarbeiten. Bitte nehmen Sie zur Kenntnis, dass neben den Regelungen der DSGVO nationale Datenschutzvorgaben in Ihrem bzw. unserem Wohn- oder Sitzland gelten k\u00f6nnen. Sollten ferner im Einzelfall speziellere Rechtsgrundlagen ma\u00dfgeblich sein, teilen wir Ihnen diese in der Datenschutzerkl\u00e4rung mit.<\/p>\n<ul><li><strong>Einwilligung (Art. 6 Abs. 1 S. 1 lit. a) DSGVO)<\/strong> - Die betroffene Person hat ihre Einwilligung in die Verarbeitung der sie betreffenden personenbezogenen Daten f\u00fcr einen spezifischen Zweck oder mehrere bestimmte Zwecke gegeben.<\/li><li><strong>Rechtliche Verpflichtung (Art. 6 Abs. 1 S. 1 lit. c) DSGVO)<\/strong> - Die Verarbeitung ist zur Erf\u00fcllung einer rechtlichen Verpflichtung erforderlich, der der Verantwortliche unterliegt.<\/li><li><strong>Berechtigte Interessen (Art. 6 Abs. 1 S. 1 lit. f) DSGVO)<\/strong> - die Verarbeitung ist zur Wahrung der berechtigten Interessen des Verantwortlichen oder eines Dritten notwendig, vorausgesetzt, dass die Interessen, Grundrechte und Grundfreiheiten der betroffenen Person, die den Schutz personenbezogener Daten verlangen, nicht \u00fcberwiegen.<\/li><\/ul><p><strong>Nationale Datenschutzregelungen in Deutschland: <\/strong>Zus\u00e4tzlich zu den Datenschutzregelungen der DSGVO gelten nationale Regelungen zum Datenschutz in Deutschland. Hierzu geh\u00f6rt insbesondere das Gesetz zum Schutz vor Missbrauch personenbezogener Daten bei der Datenverarbeitung (Bundesdatenschutzgesetz \u2013 BDSG). Das BDSG enth\u00e4lt insbesondere Spezialregelungen zum Recht auf Auskunft, zum Recht auf L\u00f6schung, zum Widerspruchsrecht, zur Verarbeitung besonderer Kategorien personenbezogener Daten, zur Verarbeitung f\u00fcr andere Zwecke und zur \u00dcbermittlung sowie automatisierten Entscheidungsfindung im Einzelfall einschlie\u00dflich Profiling. Ferner k\u00f6nnen Landesdatenschutzgesetze der einzelnen Bundesl\u00e4nder zur Anwendung gelangen.<\/p>\n\n<h2 id=\"m27\" style=\"color:#1a1a1a;\">Sicherheitsma\u00dfnahmen<\/h2><p>Wir treffen nach Ma\u00dfgabe der gesetzlichen Vorgaben unter Ber\u00fccksichtigung des Stands der Technik, der Implementierungskosten und der Art, des Umfangs, der Umst\u00e4nde und der Zwecke der Verarbeitung sowie der unterschiedlichen Eintrittswahrscheinlichkeiten und des Ausma\u00dfes der Bedrohung der Rechte und Freiheiten nat\u00fcrlicher Personen geeignete technische und organisatorische Ma\u00dfnahmen, um ein dem Risiko angemessenes Schutzniveau zu gew\u00e4hrleisten.<\/p>\n<p>Zu den Ma\u00dfnahmen geh\u00f6ren insbesondere die Sicherung der Vertraulichkeit, Integrit\u00e4t und Verf\u00fcgbarkeit von Daten durch Kontrolle des physischen und elektronischen Zugangs zu den Daten als auch des sie betreffenden Zugriffs, der Eingabe, der Weitergabe, der Sicherung der Verf\u00fcgbarkeit und ihrer Trennung. Des Weiteren haben wir Verfahren eingerichtet, die eine Wahrnehmung von Betroffenenrechten, die L\u00f6schung von Daten und Reaktionen auf die Gef\u00e4hrdung der Daten gew\u00e4hrleisten. Ferner ber\u00fccksichtigen wir den Schutz personenbezogener Daten bereits bei der Entwicklung bzw. Auswahl von Hardware, Software sowie Verfahren entsprechend dem Prinzip des Datenschutzes, durch Technikgestaltung und durch datenschutzfreundliche Voreinstellungen.<\/p>\n<p>Sicherung von Online-Verbindungen durch TLS-\/SSL-Verschl\u00fcsselungstechnologie (HTTPS): Um die Daten der Nutzer, die \u00fcber unsere Online-Dienste \u00fcbertragen werden, vor unerlaubten Zugriffen zu sch\u00fctzen, setzen wir auf die TLS-\/SSL-Verschl\u00fcsselungstechnologie. Secure Sockets Layer (SSL) und Transport Layer Security (TLS) sind die Eckpfeiler der sicheren Daten\u00fcbertragung im Internet. Diese Technologien verschl\u00fcsseln die Informationen, die zwischen der Website oder App und dem Browser des Nutzers (oder zwischen zwei Servern) \u00fcbertragen werden, wodurch die Daten vor unbefugtem Zugriff gesch\u00fctzt sind. TLS, als die weiterentwickelte und sicherere Version von SSL, gew\u00e4hrleistet, dass alle Daten\u00fcbertragungen den h\u00f6chsten Sicherheitsstandards entsprechen. Wenn eine Website durch ein SSL-\/TLS-Zertifikat gesichert ist, wird dies durch die Anzeige von HTTPS in der URL signalisiert. Dies dient als ein Indikator f\u00fcr die Nutzer, dass ihre Daten sicher und verschl\u00fcsselt \u00fcbertragen werden.<\/p>\n\n<h2 id=\"m12\" style=\"color:#1a1a1a;\">Allgemeine Informationen zur Datenspeicherung und L\u00f6schung<\/h2><p>Wir l\u00f6schen personenbezogene Daten, die wir verarbeiten, gem\u00e4\u00df den gesetzlichen Bestimmungen, sobald die zugrundeliegenden Einwilligungen widerrufen werden oder keine weiteren rechtlichen Grundlagen f\u00fcr die Verarbeitung bestehen. Dies betrifft F\u00e4lle, in denen der urspr\u00fcngliche Verarbeitungszweck entf\u00e4llt oder die Daten nicht mehr ben\u00f6tigt werden. Ausnahmen von dieser Regelung bestehen, wenn gesetzliche Pflichten oder besondere Interessen eine l\u00e4ngere Aufbewahrung oder Archivierung der Daten erfordern.<\/p>\n<p>Insbesondere m\u00fcssen Daten, die aus handels- oder steuerrechtlichen Gr\u00fcnden aufbewahrt werden m\u00fcssen oder deren Speicherung notwendig ist zur Rechtsverfolgung oder zum Schutz der Rechte anderer nat\u00fcrlicher oder juristischer Personen, entsprechend archiviert werden.<\/p>\n<p>Unsere Datenschutzhinweise enthalten zus\u00e4tzliche Informationen zur Aufbewahrung und L\u00f6schung von Daten, die speziell f\u00fcr bestimmte Verarbeitungsprozesse gelten.<\/p>\n<p>Bei mehreren Angaben zur Aufbewahrungsdauer oder L\u00f6schungsfristen eines Datums, ist stets die l\u00e4ngste Frist ma\u00dfgeblich. Daten, die nicht mehr f\u00fcr den urspr\u00fcnglich vorgesehenen Zweck, sondern aufgrund gesetzlicher Vorgaben oder anderer Gr\u00fcnde aufbewahrt werden, verarbeiten wir ausschlie\u00dflich zu den Gr\u00fcnden, die ihre Aufbewahrung rechtfertigen.<\/p>\n<p>Aufbewahrung und L\u00f6schung von Daten: Die folgenden allgemeinen Fristen gelten f\u00fcr die Aufbewahrung und Archivierung nach deutschem Recht:<\/p><ul> <li>10 Jahre - Aufbewahrungsfrist f\u00fcr B\u00fccher und Aufzeichnungen, Jahresabschl\u00fcsse, Inventare, Lageberichte, Er\u00f6ffnungsbilanz sowie die zu ihrem Verst\u00e4ndnis erforderlichen Arbeitsanweisungen und sonstigen Organisationsunterlagen (\u00a7 147 Abs. 1 Nr. 1 i.V.m. Abs. 3 AO, \u00a7 14b Abs. 1 UStG, \u00a7 257 Abs. 1 Nr. 1 i.V.m. Abs. 4 HGB).<\/li><li>8 Jahre - Buchungsbelege, wie z.\u00a0B. Rechnungen und Kostenbelege (\u00a7 147 Abs. 1 Nr. 4 und 4a i.V.m. Abs. 3 Satz 1 AO sowie \u00a7 257 Abs. 1 Nr. 4 i.V.m. Abs. 4 HGB).<\/li><li>6 Jahre - \u00dcbrige Gesch\u00e4ftsunterlagen: empfangene Handels- oder Gesch\u00e4ftsbriefe, Wiedergaben der abgesandten Handels- oder Gesch\u00e4ftsbriefe, sonstige Unterlagen, soweit sie f\u00fcr die Besteuerung von Bedeutung sind, z.\u00a0B. Stundenlohnzettel, Betriebsabrechnungsb\u00f6gen, Kalkulationsunterlagen, Preisauszeichnungen, aber auch Lohnabrechnungsunterlagen, soweit sie nicht bereits Buchungsbelege sind und Kassenstreifen (\u00a7 147 Abs. 1 Nr. 2, 3, 5 i.V.m. Abs. 3 AO, \u00a7 257 Abs. 1 Nr. 2 u. 3 i.V.m. Abs. 4 HGB).<\/li><li>3 Jahre - Daten, die erforderlich sind, um potenzielle Gew\u00e4hrleistungs- und Schadensersatzanspr\u00fcche oder \u00e4hnliche vertragliche Anspr\u00fcche und Rechte zu ber\u00fccksichtigen sowie damit verbundene Anfragen zu bearbeiten, basierend auf fr\u00fcheren Gesch\u00e4ftserfahrungen und \u00fcblichen Branchenpraktiken, werden f\u00fcr die Dauer der regul\u00e4ren gesetzlichen Verj\u00e4hrungsfrist von drei Jahren gespeichert (\u00a7\u00a7 195, 199 BGB).<\/li> <\/ul>\n\n<h2 id=\"m225\" style=\"color:#1a1a1a;\">Bereitstellung des Onlineangebots und Webhosting<\/h2><p>Wir verarbeiten die Daten der Nutzer, um ihnen unsere Online-Dienste zur Verf\u00fcgung stellen zu k\u00f6nnen. Zu diesem Zweck verarbeiten wir die IP-Adresse des Nutzers, die notwendig ist, um die Inhalte und Funktionen unserer Online-Dienste an den Browser oder das Endger\u00e4t der Nutzer zu \u00fcbermitteln.<\/p>\n<ul class=\"m-elements\"><li><strong>Verarbeitete Datenarten:<\/strong> Nutzungsdaten (z. B. Seitenaufrufe und Verweildauer, Klickpfade, Nutzungsintensit\u00e4t und -frequenz, verwendete Ger\u00e4tetypen und Betriebssysteme, Interaktionen mit Inhalten und Funktionen); Meta-, Kommunikations- und Verfahrensdaten (z. B. IP-Adressen, Zeitangaben, Identifikationsnummern, beteiligte Personen). Protokolldaten (z.\u00a0B. Logfiles betreffend Logins oder den Abruf von Daten oder Zugriffszeiten.).<\/li><li><strong>Betroffene Personen:<\/strong> Nutzer (z.\u00a0B. Webseitenbesucher, Nutzer von Onlinediensten).<\/li><li><strong>Zwecke der Verarbeitung und berechtigte Interessen:<\/strong> Bereitstellung unseres Onlineangebotes und Nutzerfreundlichkeit; Informationstechnische Infrastruktur (Betrieb und Bereitstellung von Informationssystemen und technischen Ger\u00e4ten (Computer, Server etc.)). Sicherheitsma\u00dfnahmen.<\/li><li><strong>Aufbewahrung und L\u00f6schung:<\/strong> L\u00f6schung entsprechend Angaben im Abschnitt \"Allgemeine Informationen zur Datenspeicherung und L\u00f6schung\".<\/li><li class=\"\"><strong>Rechtsgrundlagen:<\/strong> Berechtigte Interessen (Art. 6 Abs. 1 S. 1 lit. f) DSGVO).<\/li><\/ul><p><strong>Weitere Hinweise zu Verarbeitungsprozessen, Verfahren und Diensten:<\/strong><\/p><ul class=\"m-elements\"><li><strong>Bereitstellung Onlineangebot auf gemietetem Speicherplatz: <\/strong>F\u00fcr die Bereitstellung unseres Onlineangebotes nutzen wir Speicherplatz, Rechenkapazit\u00e4t und Software, die wir von einem entsprechenden Serveranbieter (auch \"Webhoster\" genannt) mieten oder anderweitig beziehen; <span class=\"\"><strong>Rechtsgrundlagen:<\/strong> Berechtigte Interessen (Art. 6 Abs. 1 S. 1 lit. f) DSGVO).<\/span><\/li><li><strong>Erhebung von Zugriffsdaten und Logfiles: <\/strong>Der Zugriff auf unser Onlineangebot wird in Form von sogenannten \"Server-Logfiles\" protokolliert. Zu den Serverlogfiles k\u00f6nnen die Adresse und der Name der abgerufenen Webseiten und Dateien, Datum und Uhrzeit des Abrufs, \u00fcbertragene Datenmengen, Meldung \u00fcber erfolgreichen Abruf, Browsertyp nebst Version, das Betriebssystem des Nutzers, Referrer URL (die zuvor besuchte Seite) und im Regelfall IP-Adressen und der anfragende Provider geh\u00f6ren. Die Serverlogfiles k\u00f6nnen zum einen zu Sicherheitszwecken eingesetzt werden, z.\u00a0B. um eine \u00dcberlastung der Server zu vermeiden (insbesondere im Fall von missbr\u00e4uchlichen Angriffen, sogenannten DDoS-Attacken), und zum anderen, um die Auslastung der Server und ihre Stabilit\u00e4t sicherzustellen; <span class=\"\"><strong>Rechtsgrundlagen:<\/strong> Berechtigte Interessen (Art. 6 Abs. 1 S. 1 lit. f) DSGVO). <\/span><strong>L\u00f6schung von Daten:<\/strong> Logfile-Informationen werden f\u00fcr die Dauer von maximal 30 Tagen gespeichert und danach gel\u00f6scht oder anonymisiert. Daten, deren weitere Aufbewahrung zu Beweiszwecken erforderlich ist, sind bis zur endg\u00fcltigen Kl\u00e4rung des jeweiligen Vorfalls von der L\u00f6schung ausgenommen.<\/li><li><strong>Checkdomain: <\/strong>Leistungen auf dem Gebiet der Bereitstellung von informationstechnischer Infrastruktur und verbundenen Dienstleistungen (z.\u00a0B. Speicherplatz und\/oder Rechenkapazit\u00e4ten); <strong>Dienstanbieter:<\/strong> checkdomain GmbH, a dogado group company, Gro\u00dfe Burgstra\u00dfe 27\/29, 23552 L\u00fcbeck, Deutschland; <span class=\"\"><strong>Rechtsgrundlagen:<\/strong> Berechtigte Interessen (Art. 6 Abs. 1 S. 1 lit. f) DSGVO); <\/span><strong>Website:<\/strong> <a href=\"https:\/\/www.checkdomain.de\/\" target=\"_blank\">https:\/\/www.checkdomain.de\/<\/a>; <strong>Datenschutzerkl\u00e4rung:<\/strong> <a href=\"https:\/\/www.checkdomain.de\/agb\/datenschutz\/\" target=\"_blank\">https:\/\/www.checkdomain.de\/agb\/datenschutz\/<\/a>. <strong>Auftragsverarbeitungsvertrag:<\/strong> Wird vom Dienstanbieter bereitgestellt.<\/li><\/ul>\n\n<h2 style=\"color:#1a1a1a;\"><span id=\"mReach\">Cookiefreie Reichweitenmessung<\/span><\/h2>\n<p>Zur Analyse der Nutzung unseres Onlineangebots setzen wir eine selbst entwickelte, cookiefreie L\u00f6sung ein. Es werden keine Cookies gesetzt und keine personenbezogenen Daten im Klartext gespeichert. Eine Einwilligung ist daher nicht erforderlich.<\/p>\n<ul class=\"m-elements\">\n  <li><strong>Verarbeitete Datenarten:<\/strong> Aufgerufene Seite und Zeitpunkt des Abrufs; Herkunftsdom\u00e4ne (Referrer); Browsertyp und Betriebssystem; anonymisierter Tages-Hash (SHA-256 aus tagesaktuellem Zufallswert, IP-Adresse und Browser-Kennung). Rohe IP-Adressen werden nicht gespeichert.<\/li>\n  <li><strong>Betroffene Personen:<\/strong> Nutzer (z. B. Webseitenbesucher).<\/li>\n  <li><strong>Zwecke der Verarbeitung und berechtigte Interessen:<\/strong> Reichweitenmessung und Verbesserung unseres Onlineangebots.<\/li>\n  <li><strong>Aufbewahrung und L\u00f6schung:<\/strong> Daten werden viertelj\u00e4hrlich gel\u00f6scht.<\/li>\n  <li><strong>Rechtsgrundlagen:<\/strong> Berechtigte Interessen (Art. 6 Abs. 1 S. 1 lit. f) DSGVO).<\/li>\n<\/ul>\n<p><strong>Weitere Hinweise zu Verarbeitungsprozessen, Verfahren und Diensten:<\/strong><\/p>\n<ul class=\"m-elements\">\n  <li><strong>Schutz vor automatisierten Zugriffen (Honeypot): <\/strong>Zum Schutz vor automatisierten Zugriffen (Bots und Scraper) protokollieren wir bei Ausl\u00f6sung einer Honeypot-Falle IP-Adresse, Zeitstempel, Browser-Kennung und Referrer-URL. Die Daten werden ausschlie\u00dflich zur Abwehr missbr\u00e4uchlicher Zugriffe verwendet und viertelj\u00e4hrlich gel\u00f6scht; <strong>Rechtsgrundlagen:<\/strong> Berechtigte Interessen (Art. 6 Abs. 1 S. 1 lit. f) DSGVO).<\/li>\n<\/ul>\n<p class=\"seal\"><a href=\"https:\/\/datenschutz-generator.de\/\" title=\"Rechtstext von Dr. Schwenke - f\u00fcr weitere Informationen bitte anklicken.\" target=\"_blank\" rel=\"noopener noreferrer nofollow\">Erstellt mit kostenlosem Datenschutz-Generator.de von Dr. Thomas Schwenke<\/a><\/p>\t\t\t\t<\/div>\n\t\t\t\t\t<\/div>\n\t\t\t\t<\/div>\n\t\t\t\t<\/div>\n\t\t","protected":false},"excerpt":{"rendered":"<p>Datenschutzerkl\u00e4rung Pr\u00e4ambel Mit der folgenden Datenschutzerkl\u00e4rung m\u00f6chten wir Sie dar\u00fcber aufkl\u00e4ren, welche Arten Ihrer personenbezogenen Daten (nachfolgend auch kurz als [&hellip;]<\/p>\n","protected":false},"author":1,"featured_media":0,"parent":0,"menu_order":0,"comment_status":"closed","ping_status":"closed","template":"","meta":{"site-sidebar-layout":"no-sidebar","site-content-layout":"","ast-site-content-layout":"full-width-container","site-content-style":"default","site-sidebar-style":"default","ast-global-header-display":"","ast-banner-title-visibility":"","ast-main-header-display":"","ast-hfb-above-header-display":"","ast-hfb-below-header-display":"","ast-hfb-mobile-header-display":"","site-post-title":"","ast-breadcrumbs-content":"","ast-featured-img":"disabled","footer-sml-layout":"","ast-disable-related-posts":"","theme-transparent-header-meta":"","adv-header-id-meta":"","stick-header-meta":"","header-above-stick-meta":"","header-main-stick-meta":"","header-below-stick-meta":"","astra-migrate-meta-layouts":"default","ast-page-background-enabled":"default","ast-page-background-meta":{"desktop":{"background-color":"var(--ast-global-color-5)","background-image":"","background-repeat":"repeat","background-position":"center center","background-size":"auto","background-attachment":"scroll","background-type":"","background-media":"","overlay-type":"","overlay-color":"","overlay-opacity":"","overlay-gradient":""},"tablet":{"background-color":"","background-image":"","background-repeat":"repeat","background-position":"center center","background-size":"auto","background-attachment":"scroll","background-type":"","background-media":"","overlay-type":"","overlay-color":"","overlay-opacity":"","overlay-gradient":""},"mobile":{"background-color":"","background-image":"","background-repeat":"repeat","background-position":"center center","background-size":"auto","background-attachment":"scroll","background-type":"","background-media":"","overlay-type":"","overlay-color":"","overlay-opacity":"","overlay-gradient":""}},"ast-content-background-meta":{"desktop":{"background-color":"var(--ast-global-color-4)","background-image":"","background-repeat":"repeat","background-position":"center center","background-size":"auto","background-attachment":"scroll","background-type":"","background-media":"","overlay-type":"","overlay-color":"","overlay-opacity":"","overlay-gradient":""},"tablet":{"background-color":"var(--ast-global-color-4)","background-image":"","background-repeat":"repeat","background-position":"center center","background-size":"auto","background-attachment":"scroll","background-type":"","background-media":"","overlay-type":"","overlay-color":"","overlay-opacity":"","overlay-gradient":""},"mobile":{"background-color":"var(--ast-global-color-4)","background-image":"","background-repeat":"repeat","background-position":"center center","background-size":"auto","background-attachment":"scroll","background-type":"","background-media":"","overlay-type":"","overlay-color":"","overlay-opacity":"","overlay-gradient":""}},"footnotes":""},"class_list":["post-326","page","type-page","status-publish","hentry"],"_links":{"self":[{"href":"https:\/\/metxact.com\/home\/wp-json\/wp\/v2\/pages\/326","targetHints":{"allow":["GET"]}}],"collection":[{"href":"https:\/\/metxact.com\/home\/wp-json\/wp\/v2\/pages"}],"about":[{"href":"https:\/\/metxact.com\/home\/wp-json\/wp\/v2\/types\/page"}],"author":[{"embeddable":true,"href":"https:\/\/metxact.com\/home\/wp-json\/wp\/v2\/users\/1"}],"replies":[{"embeddable":true,"href":"https:\/\/metxact.com\/home\/wp-json\/wp\/v2\/comments?post=326"}],"version-history":[{"count":22,"href":"https:\/\/metxact.com\/home\/wp-json\/wp\/v2\/pages\/326\/revisions"}],"predecessor-version":[{"id":503,"href":"https:\/\/metxact.com\/home\/wp-json\/wp\/v2\/pages\/326\/revisions\/503"}],"wp:attachment":[{"href":"https:\/\/metxact.com\/home\/wp-json\/wp\/v2\/media?parent=326"}],"curies":[{"name":"wp","href":"https:\/\/api.w.org\/{rel}","templated":true}]}}